{"id":643,"date":"2022-02-08T13:58:35","date_gmt":"2022-02-08T13:58:35","guid":{"rendered":"https:\/\/nyiradracingteszt.hu\/?page_id=643"},"modified":"2023-05-10T15:15:26","modified_gmt":"2023-05-10T15:15:26","slug":"hirek","status":"publish","type":"page","link":"https:\/\/nyiradracingteszt.hu\/en\/hirek\/","title":{"rendered":"News"},"content":{"rendered":"<div data-elementor-type=\"wp-page\" data-elementor-id=\"643\" class=\"elementor elementor-643\" data-elementor-post-type=\"page\">\n\t\t\t\t\t\t<section class=\"elementor-section elementor-top-section elementor-element elementor-element-72fa93bb elementor-section-height-min-height elementor-section-boxed elementor-section-height-default elementor-section-items-middle\" data-id=\"72fa93bb\" data-element_type=\"section\" data-settings=\"{&quot;background_background&quot;:&quot;classic&quot;}\">\n\t\t\t\t\t\t\t<div class=\"elementor-background-overlay\"><\/div>\n\t\t\t\t\t\t\t<div class=\"elementor-container elementor-column-gap-default\">\n\t\t\t\t\t<div class=\"elementor-column elementor-col-100 elementor-top-column elementor-element elementor-element-6533bc6d\" data-id=\"6533bc6d\" data-element_type=\"column\">\n\t\t\t<div class=\"elementor-widget-wrap elementor-element-populated\">\n\t\t\t\t\t\t<div class=\"elementor-element elementor-element-4824f80f animated-slow elementor-invisible elementor-widget elementor-widget-heading\" data-id=\"4824f80f\" data-element_type=\"widget\" data-settings=\"{&quot;_animation&quot;:&quot;fadeInLeft&quot;}\" data-widget_type=\"heading.default\">\n\t\t\t\t<div class=\"elementor-widget-container\">\n\t\t\t<h2 class=\"elementor-heading-title elementor-size-default\">NEWS<\/h2>\t\t<\/div>\n\t\t\t\t<\/div>\n\t\t\t\t<div class=\"elementor-element elementor-element-36f6a99b animated-slow elementor-widget-divider--view-line elementor-invisible elementor-widget elementor-widget-divider\" data-id=\"36f6a99b\" data-element_type=\"widget\" data-settings=\"{&quot;_animation&quot;:&quot;fadeIn&quot;}\" data-widget_type=\"divider.default\">\n\t\t\t\t<div class=\"elementor-widget-container\">\n\t\t\t\t\t<div class=\"elementor-divider\">\n\t\t\t<span class=\"elementor-divider-separator\">\n\t\t\t\t\t\t<\/span>\n\t\t<\/div>\n\t\t\t\t<\/div>\n\t\t\t\t<\/div>\n\t\t\t\t\t<\/div>\n\t\t<\/div>\n\t\t\t\t\t<\/div>\n\t\t<\/section>\n\t\t\t\t<section class=\"elementor-section elementor-top-section elementor-element elementor-element-e4d5976 elementor-section-height-min-height elementor-section-boxed elementor-section-height-default elementor-section-items-middle\" data-id=\"e4d5976\" data-element_type=\"section\" data-settings=\"{&quot;background_background&quot;:&quot;classic&quot;}\">\n\t\t\t\t\t\t\t<div class=\"elementor-background-overlay\"><\/div>\n\t\t\t\t\t\t\t<div class=\"elementor-container elementor-column-gap-default\">\n\t\t\t\t\t<div class=\"elementor-column elementor-col-100 elementor-top-column elementor-element elementor-element-ab54571\" data-id=\"ab54571\" data-element_type=\"column\">\n\t\t\t<div class=\"elementor-widget-wrap\">\n\t\t\t\t\t\t\t<\/div>\n\t\t<\/div>\n\t\t\t\t\t<\/div>\n\t\t<\/section>\n\t\t\t\t<section class=\"elementor-section elementor-top-section elementor-element elementor-element-6cd3d94 elementor-section-boxed elementor-section-height-default elementor-section-height-default\" data-id=\"6cd3d94\" data-element_type=\"section\">\n\t\t\t\t\t\t<div class=\"elementor-container elementor-column-gap-default\">\n\t\t\t\t\t<div class=\"elementor-column elementor-col-100 elementor-top-column elementor-element elementor-element-3f48e01\" data-id=\"3f48e01\" data-element_type=\"column\">\n\t\t\t<div class=\"elementor-widget-wrap elementor-element-populated\">\n\t\t\t\t\t\t<div class=\"elementor-element elementor-element-71753d8 elementor-grid-3 elementor-grid-tablet-2 elementor-grid-mobile-1 elementor-posts--thumbnail-top elementor-widget elementor-widget-posts\" data-id=\"71753d8\" data-element_type=\"widget\" data-settings=\"{&quot;classic_masonry&quot;:&quot;yes&quot;,&quot;classic_columns&quot;:&quot;3&quot;,&quot;classic_columns_tablet&quot;:&quot;2&quot;,&quot;classic_columns_mobile&quot;:&quot;1&quot;,&quot;classic_row_gap&quot;:{&quot;unit&quot;:&quot;px&quot;,&quot;size&quot;:35,&quot;sizes&quot;:[]},&quot;classic_row_gap_tablet&quot;:{&quot;unit&quot;:&quot;px&quot;,&quot;size&quot;:&quot;&quot;,&quot;sizes&quot;:[]},&quot;classic_row_gap_mobile&quot;:{&quot;unit&quot;:&quot;px&quot;,&quot;size&quot;:&quot;&quot;,&quot;sizes&quot;:[]}}\" data-widget_type=\"posts.classic\">\n\t\t\t\t<div class=\"elementor-widget-container\">\n\t\t\t\t\t<div class=\"elementor-posts-container elementor-posts elementor-posts--skin-classic elementor-grid\">\n\t\t\t\t<article class=\"elementor-post elementor-grid-item post-3183 post type-post status-publish format-standard has-post-thumbnail hentry category-egyeb\">\n\t\t\t\t<a class=\"elementor-post__thumbnail__link\" href=\"https:\/\/nyiradracingteszt.hu\/en\/2023\/10\/05\/dts-cup-szezonzaro-futam\/\" tabindex=\"-1\" >\n\t\t\t<div class=\"elementor-post__thumbnail\"><img fetchpriority=\"high\" decoding=\"async\" width=\"2560\" height=\"1440\" src=\"https:\/\/nyiradracingteszt.hu\/wp-content\/uploads\/2022\/05\/DSC01384-scaled.jpg\" class=\"attachment-full size-full wp-image-1701\" alt=\"\" srcset=\"https:\/\/nyiradracingteszt.hu\/wp-content\/uploads\/2022\/05\/DSC01384-scaled.jpg 2560w, https:\/\/nyiradracingteszt.hu\/wp-content\/uploads\/2022\/05\/DSC01384-300x169.jpg 300w, https:\/\/nyiradracingteszt.hu\/wp-content\/uploads\/2022\/05\/DSC01384-1024x576.jpg 1024w, https:\/\/nyiradracingteszt.hu\/wp-content\/uploads\/2022\/05\/DSC01384-768x432.jpg 768w, https:\/\/nyiradracingteszt.hu\/wp-content\/uploads\/2022\/05\/DSC01384-1536x864.jpg 1536w, https:\/\/nyiradracingteszt.hu\/wp-content\/uploads\/2022\/05\/DSC01384-2048x1152.jpg 2048w, https:\/\/nyiradracingteszt.hu\/wp-content\/uploads\/2022\/05\/DSC01384-18x10.jpg 18w\" sizes=\"(max-width: 2560px) 100vw, 2560px\" \/><\/div>\n\t\t<\/a>\n\t\t\t\t<div class=\"elementor-post__text\">\n\t\t\t\t<h3 class=\"elementor-post__title\">\n\t\t\t<a href=\"https:\/\/nyiradracingteszt.hu\/en\/2023\/10\/05\/dts-cup-szezonzaro-futam\/\" >\n\t\t\t\tDTS Cup Szezonz\u00e1r\u00f3 futam\t\t\t<\/a>\n\t\t<\/h3>\n\t\t\t\t<div class=\"elementor-post__meta-data\">\n\t\t\t\t\t<span class=\"elementor-post-date\">\n\t\t\t2023.10.05.\t\t<\/span>\n\t\t\t\t<\/div>\n\t\t\n\t\t<a class=\"elementor-post__read-more\" href=\"https:\/\/nyiradracingteszt.hu\/en\/2023\/10\/05\/dts-cup-szezonzaro-futam\/\" aria-label=\"Read more about DTS Cup Szezonz\u00e1r\u00f3 futam\" tabindex=\"-1\" >\n\t\t\tTov\u00e1bb olvasom \u00bb\t\t<\/a>\n\n\t\t\t\t<\/div>\n\t\t\t\t<\/article>\n\t\t\t\t<article class=\"elementor-post elementor-grid-item post-3165 post type-post status-publish format-standard has-post-thumbnail hentry category-egyeb\">\n\t\t\t\t<a class=\"elementor-post__thumbnail__link\" href=\"https:\/\/nyiradracingteszt.hu\/en\/2023\/09\/27\/eredmenyek\/\" tabindex=\"-1\" >\n\t\t\t<div class=\"elementor-post__thumbnail\"><img fetchpriority=\"high\" decoding=\"async\" width=\"2560\" height=\"1440\" src=\"https:\/\/nyiradracingteszt.hu\/wp-content\/uploads\/2022\/05\/DSC01384-scaled.jpg\" class=\"attachment-full size-full wp-image-1701\" alt=\"\" srcset=\"https:\/\/nyiradracingteszt.hu\/wp-content\/uploads\/2022\/05\/DSC01384-scaled.jpg 2560w, https:\/\/nyiradracingteszt.hu\/wp-content\/uploads\/2022\/05\/DSC01384-300x169.jpg 300w, https:\/\/nyiradracingteszt.hu\/wp-content\/uploads\/2022\/05\/DSC01384-1024x576.jpg 1024w, https:\/\/nyiradracingteszt.hu\/wp-content\/uploads\/2022\/05\/DSC01384-768x432.jpg 768w, https:\/\/nyiradracingteszt.hu\/wp-content\/uploads\/2022\/05\/DSC01384-1536x864.jpg 1536w, https:\/\/nyiradracingteszt.hu\/wp-content\/uploads\/2022\/05\/DSC01384-2048x1152.jpg 2048w, https:\/\/nyiradracingteszt.hu\/wp-content\/uploads\/2022\/05\/DSC01384-18x10.jpg 18w\" sizes=\"(max-width: 2560px) 100vw, 2560px\" \/><\/div>\n\t\t<\/a>\n\t\t\t\t<div class=\"elementor-post__text\">\n\t\t\t\t<h3 class=\"elementor-post__title\">\n\t\t\t<a href=\"https:\/\/nyiradracingteszt.hu\/en\/2023\/09\/27\/eredmenyek\/\" >\n\t\t\t\tV\u00e9geredm\u00e9nyek\t\t\t<\/a>\n\t\t<\/h3>\n\t\t\t\t<div class=\"elementor-post__meta-data\">\n\t\t\t\t\t<span class=\"elementor-post-date\">\n\t\t\t2023.09.27.\t\t<\/span>\n\t\t\t\t<\/div>\n\t\t\n\t\t<a class=\"elementor-post__read-more\" href=\"https:\/\/nyiradracingteszt.hu\/en\/2023\/09\/27\/eredmenyek\/\" aria-label=\"Read more about V\u00e9geredm\u00e9nyek\" tabindex=\"-1\" >\n\t\t\tTov\u00e1bb olvasom \u00bb\t\t<\/a>\n\n\t\t\t\t<\/div>\n\t\t\t\t<\/article>\n\t\t\t\t<article class=\"elementor-post elementor-grid-item post-3143 post type-post status-publish format-standard has-post-thumbnail hentry category-egyeb\">\n\t\t\t\t<a class=\"elementor-post__thumbnail__link\" href=\"https:\/\/nyiradracingteszt.hu\/en\/2023\/09\/20\/vegrehajtasi-utasitas\/\" tabindex=\"-1\" >\n\t\t\t<div class=\"elementor-post__thumbnail\"><img fetchpriority=\"high\" decoding=\"async\" width=\"2560\" height=\"1440\" src=\"https:\/\/nyiradracingteszt.hu\/wp-content\/uploads\/2022\/05\/DSC01384-scaled.jpg\" class=\"attachment-full size-full wp-image-1701\" alt=\"\" srcset=\"https:\/\/nyiradracingteszt.hu\/wp-content\/uploads\/2022\/05\/DSC01384-scaled.jpg 2560w, https:\/\/nyiradracingteszt.hu\/wp-content\/uploads\/2022\/05\/DSC01384-300x169.jpg 300w, https:\/\/nyiradracingteszt.hu\/wp-content\/uploads\/2022\/05\/DSC01384-1024x576.jpg 1024w, https:\/\/nyiradracingteszt.hu\/wp-content\/uploads\/2022\/05\/DSC01384-768x432.jpg 768w, https:\/\/nyiradracingteszt.hu\/wp-content\/uploads\/2022\/05\/DSC01384-1536x864.jpg 1536w, https:\/\/nyiradracingteszt.hu\/wp-content\/uploads\/2022\/05\/DSC01384-2048x1152.jpg 2048w, https:\/\/nyiradracingteszt.hu\/wp-content\/uploads\/2022\/05\/DSC01384-18x10.jpg 18w\" sizes=\"(max-width: 2560px) 100vw, 2560px\" \/><\/div>\n\t\t<\/a>\n\t\t\t\t<div class=\"elementor-post__text\">\n\t\t\t\t<h3 class=\"elementor-post__title\">\n\t\t\t<a href=\"https:\/\/nyiradracingteszt.hu\/en\/2023\/09\/20\/vegrehajtasi-utasitas\/\" >\n\t\t\t\tId\u0151terv v\u00e1ltoz\u00e1s \u00e9s V\u00e9grehajt\u00e1si utas\u00edt\u00e1s\t\t\t<\/a>\n\t\t<\/h3>\n\t\t\t\t<div class=\"elementor-post__meta-data\">\n\t\t\t\t\t<span class=\"elementor-post-date\">\n\t\t\t2023.09.20.\t\t<\/span>\n\t\t\t\t<\/div>\n\t\t\n\t\t<a class=\"elementor-post__read-more\" href=\"https:\/\/nyiradracingteszt.hu\/en\/2023\/09\/20\/vegrehajtasi-utasitas\/\" aria-label=\"Read more about Id\u0151terv v\u00e1ltoz\u00e1s \u00e9s V\u00e9grehajt\u00e1si utas\u00edt\u00e1s\" tabindex=\"-1\" >\n\t\t\tTov\u00e1bb olvasom \u00bb\t\t<\/a>\n\n\t\t\t\t<\/div>\n\t\t\t\t<\/article>\n\t\t\t\t<article class=\"elementor-post elementor-grid-item post-3035 post type-post status-publish format-standard has-post-thumbnail hentry category-egyeb\">\n\t\t\t\t<a class=\"elementor-post__thumbnail__link\" href=\"https:\/\/nyiradracingteszt.hu\/en\/2023\/09\/13\/nevezesi-lista\/\" tabindex=\"-1\" >\n\t\t\t<div class=\"elementor-post__thumbnail\"><img decoding=\"async\" width=\"1170\" height=\"1620\" src=\"https:\/\/nyiradracingteszt.hu\/wp-content\/uploads\/2023\/09\/376701122_325724576630429_6955634212601378725_n.jpg\" class=\"attachment-full size-full wp-image-3041\" alt=\"\" srcset=\"https:\/\/nyiradracingteszt.hu\/wp-content\/uploads\/2023\/09\/376701122_325724576630429_6955634212601378725_n.jpg 1170w, https:\/\/nyiradracingteszt.hu\/wp-content\/uploads\/2023\/09\/376701122_325724576630429_6955634212601378725_n-217x300.jpg 217w, https:\/\/nyiradracingteszt.hu\/wp-content\/uploads\/2023\/09\/376701122_325724576630429_6955634212601378725_n-740x1024.jpg 740w, https:\/\/nyiradracingteszt.hu\/wp-content\/uploads\/2023\/09\/376701122_325724576630429_6955634212601378725_n-768x1063.jpg 768w, https:\/\/nyiradracingteszt.hu\/wp-content\/uploads\/2023\/09\/376701122_325724576630429_6955634212601378725_n-1109x1536.jpg 1109w, https:\/\/nyiradracingteszt.hu\/wp-content\/uploads\/2023\/09\/376701122_325724576630429_6955634212601378725_n-9x12.jpg 9w\" sizes=\"(max-width: 1170px) 100vw, 1170px\" \/><\/div>\n\t\t<\/a>\n\t\t\t\t<div class=\"elementor-post__text\">\n\t\t\t\t<h3 class=\"elementor-post__title\">\n\t\t\t<a href=\"https:\/\/nyiradracingteszt.hu\/en\/2023\/09\/13\/nevezesi-lista\/\" >\n\t\t\t\tNevez\u00e9si lista\t\t\t<\/a>\n\t\t<\/h3>\n\t\t\t\t<div class=\"elementor-post__meta-data\">\n\t\t\t\t\t<span class=\"elementor-post-date\">\n\t\t\t2023.09.13.\t\t<\/span>\n\t\t\t\t<\/div>\n\t\t\n\t\t<a class=\"elementor-post__read-more\" href=\"https:\/\/nyiradracingteszt.hu\/en\/2023\/09\/13\/nevezesi-lista\/\" aria-label=\"Read more about Nevez\u00e9si lista\" tabindex=\"-1\" >\n\t\t\tTov\u00e1bb olvasom \u00bb\t\t<\/a>\n\n\t\t\t\t<\/div>\n\t\t\t\t<\/article>\n\t\t\t\t<article class=\"elementor-post elementor-grid-item post-3025 post type-post status-publish format-standard has-post-thumbnail hentry category-egyeb\">\n\t\t\t\t<a class=\"elementor-post__thumbnail__link\" href=\"https:\/\/nyiradracingteszt.hu\/en\/2023\/09\/13\/nevezes-versenykiiras-copy-2\/\" tabindex=\"-1\" >\n\t\t\t<div class=\"elementor-post__thumbnail\"><img decoding=\"async\" width=\"1132\" height=\"1314\" src=\"https:\/\/nyiradracingteszt.hu\/wp-content\/uploads\/2023\/09\/idoterv.jpeg\" class=\"attachment-full size-full wp-image-3026\" alt=\"\" srcset=\"https:\/\/nyiradracingteszt.hu\/wp-content\/uploads\/2023\/09\/idoterv.jpeg 1132w, https:\/\/nyiradracingteszt.hu\/wp-content\/uploads\/2023\/09\/idoterv-258x300.jpeg 258w, https:\/\/nyiradracingteszt.hu\/wp-content\/uploads\/2023\/09\/idoterv-882x1024.jpeg 882w, https:\/\/nyiradracingteszt.hu\/wp-content\/uploads\/2023\/09\/idoterv-768x891.jpeg 768w, https:\/\/nyiradracingteszt.hu\/wp-content\/uploads\/2023\/09\/idoterv-10x12.jpeg 10w\" sizes=\"(max-width: 1132px) 100vw, 1132px\" \/><\/div>\n\t\t<\/a>\n\t\t\t\t<div class=\"elementor-post__text\">\n\t\t\t\t<h3 class=\"elementor-post__title\">\n\t\t\t<a href=\"https:\/\/nyiradracingteszt.hu\/en\/2023\/09\/13\/nevezes-versenykiiras-copy-2\/\" >\n\t\t\t\tHivatalos id\u0151terv\t\t\t<\/a>\n\t\t<\/h3>\n\t\t\t\t<div class=\"elementor-post__meta-data\">\n\t\t\t\t\t<span class=\"elementor-post-date\">\n\t\t\t2023.09.13.\t\t<\/span>\n\t\t\t\t<\/div>\n\t\t\n\t\t<a class=\"elementor-post__read-more\" href=\"https:\/\/nyiradracingteszt.hu\/en\/2023\/09\/13\/nevezes-versenykiiras-copy-2\/\" aria-label=\"Read more about Hivatalos id\u0151terv\" tabindex=\"-1\" >\n\t\t\tTov\u00e1bb olvasom \u00bb\t\t<\/a>\n\n\t\t\t\t<\/div>\n\t\t\t\t<\/article>\n\t\t\t\t<article class=\"elementor-post elementor-grid-item post-3018 post type-post status-publish format-standard has-post-thumbnail hentry category-egyeb\">\n\t\t\t\t<a class=\"elementor-post__thumbnail__link\" href=\"https:\/\/nyiradracingteszt.hu\/en\/2023\/09\/08\/nevezes-versenykiiras-copy\/\" tabindex=\"-1\" >\n\t\t\t<div class=\"elementor-post__thumbnail\"><img loading=\"lazy\" decoding=\"async\" width=\"1080\" height=\"1080\" src=\"https:\/\/nyiradracingteszt.hu\/wp-content\/uploads\/2023\/09\/ELOVETELES-JEGYEK-5.png\" class=\"attachment-full size-full wp-image-3020\" alt=\"\" srcset=\"https:\/\/nyiradracingteszt.hu\/wp-content\/uploads\/2023\/09\/ELOVETELES-JEGYEK-5.png 1080w, https:\/\/nyiradracingteszt.hu\/wp-content\/uploads\/2023\/09\/ELOVETELES-JEGYEK-5-300x300.png 300w, https:\/\/nyiradracingteszt.hu\/wp-content\/uploads\/2023\/09\/ELOVETELES-JEGYEK-5-1024x1024.png 1024w, https:\/\/nyiradracingteszt.hu\/wp-content\/uploads\/2023\/09\/ELOVETELES-JEGYEK-5-150x150.png 150w, https:\/\/nyiradracingteszt.hu\/wp-content\/uploads\/2023\/09\/ELOVETELES-JEGYEK-5-768x768.png 768w, https:\/\/nyiradracingteszt.hu\/wp-content\/uploads\/2023\/09\/ELOVETELES-JEGYEK-5-12x12.png 12w\" sizes=\"(max-width: 1080px) 100vw, 1080px\" \/><\/div>\n\t\t<\/a>\n\t\t\t\t<div class=\"elementor-post__text\">\n\t\t\t\t<h3 class=\"elementor-post__title\">\n\t\t\t<a href=\"https:\/\/nyiradracingteszt.hu\/en\/2023\/09\/08\/nevezes-versenykiiras-copy\/\" >\n\t\t\t\tNevez\u00e9si z\u00e1rlat\t\t\t<\/a>\n\t\t<\/h3>\n\t\t\t\t<div class=\"elementor-post__meta-data\">\n\t\t\t\t\t<span class=\"elementor-post-date\">\n\t\t\t2023.09.08.\t\t<\/span>\n\t\t\t\t<\/div>\n\t\t\n\t\t<a class=\"elementor-post__read-more\" href=\"https:\/\/nyiradracingteszt.hu\/en\/2023\/09\/08\/nevezes-versenykiiras-copy\/\" aria-label=\"Read more about Nevez\u00e9si z\u00e1rlat\" tabindex=\"-1\" >\n\t\t\tTov\u00e1bb olvasom \u00bb\t\t<\/a>\n\n\t\t\t\t<\/div>\n\t\t\t\t<\/article>\n\t\t\t\t<\/div>\n\t\t\n\t\t\t\t<\/div>\n\t\t\t\t<\/div>\n\t\t\t\t\t<\/div>\n\t\t<\/div>\n\t\t\t\t\t<\/div>\n\t\t<\/section>\n\t\t\t\t<\/div>","protected":false},"excerpt":{"rendered":"<p>NEWS<\/p>","protected":false},"author":1,"featured_media":0,"parent":0,"menu_order":0,"comment_status":"closed","ping_status":"closed","template":"","meta":{"om_disable_all_campaigns":false,"_monsterinsights_skip_tracking":false,"_monsterinsights_sitenote_active":false,"_monsterinsights_sitenote_note":"","_monsterinsights_sitenote_category":0,"_EventAllDay":false,"_EventTimezone":"","_EventStartDate":"","_EventEndDate":"","_EventStartDateUTC":"","_EventEndDateUTC":"","_EventShowMap":false,"_EventShowMapLink":false,"_EventURL":"","_EventCost":"","_EventCostDescription":"","_EventCurrencySymbol":"","_EventCurrencyCode":"","_EventCurrencyPosition":"","_EventDateTimeSeparator":"","_EventTimeRangeSeparator":"","_EventOrganizerID":[],"_EventVenueID":[],"_OrganizerEmail":"","_OrganizerPhone":"","_OrganizerWebsite":"","_VenueAddress":"","_VenueCity":"","_VenueCountry":"","_VenueProvince":"","_VenueState":"","_VenueZip":"","_VenuePhone":"","_VenueURL":"","_VenueStateProvince":"","_VenueLat":"","_VenueLng":"","_VenueShowMap":false,"_VenueShowMapLink":false,"footnotes":""},"class_list":["post-643","page","type-page","status-publish","hentry"],"aioseo_notices":[],"_links":{"self":[{"href":"https:\/\/nyiradracingteszt.hu\/en\/wp-json\/wp\/v2\/pages\/643","targetHints":{"allow":["GET"]}}],"collection":[{"href":"https:\/\/nyiradracingteszt.hu\/en\/wp-json\/wp\/v2\/pages"}],"about":[{"href":"https:\/\/nyiradracingteszt.hu\/en\/wp-json\/wp\/v2\/types\/page"}],"author":[{"embeddable":true,"href":"https:\/\/nyiradracingteszt.hu\/en\/wp-json\/wp\/v2\/users\/1"}],"replies":[{"embeddable":true,"href":"https:\/\/nyiradracingteszt.hu\/en\/wp-json\/wp\/v2\/comments?post=643"}],"version-history":[{"count":162,"href":"https:\/\/nyiradracingteszt.hu\/en\/wp-json\/wp\/v2\/pages\/643\/revisions"}],"predecessor-version":[{"id":2791,"href":"https:\/\/nyiradracingteszt.hu\/en\/wp-json\/wp\/v2\/pages\/643\/revisions\/2791"}],"wp:attachment":[{"href":"https:\/\/nyiradracingteszt.hu\/en\/wp-json\/wp\/v2\/media?parent=643"}],"curies":[{"name":"wp","href":"https:\/\/api.w.org\/{rel}","templated":true}]}}