{"id":12,"date":"2022-01-25T16:55:13","date_gmt":"2022-01-25T16:55:13","guid":{"rendered":"https:\/\/nyiradracingteszt.hu\/?page_id=12"},"modified":"2023-07-02T11:36:35","modified_gmt":"2023-07-02T11:36:35","slug":"esemenynaptar","status":"publish","type":"page","link":"https:\/\/nyiradracingteszt.hu\/en\/esemenynaptar\/","title":{"rendered":"Calendar"},"content":{"rendered":"<div data-elementor-type=\"wp-page\" data-elementor-id=\"12\" class=\"elementor elementor-12\" data-elementor-post-type=\"page\">\n\t\t\t\t\t\t<section class=\"elementor-section elementor-top-section elementor-element elementor-element-72fa93bb elementor-section-height-min-height elementor-section-boxed elementor-section-height-default elementor-section-items-middle\" data-id=\"72fa93bb\" data-element_type=\"section\" data-settings=\"{&quot;background_background&quot;:&quot;classic&quot;}\">\n\t\t\t\t\t\t\t<div class=\"elementor-background-overlay\"><\/div>\n\t\t\t\t\t\t\t<div class=\"elementor-container elementor-column-gap-default\">\n\t\t\t\t\t<div class=\"elementor-column elementor-col-100 elementor-top-column elementor-element elementor-element-6533bc6d\" data-id=\"6533bc6d\" data-element_type=\"column\">\n\t\t\t<div class=\"elementor-widget-wrap elementor-element-populated\">\n\t\t\t\t\t\t<div class=\"elementor-element elementor-element-4824f80f animated-slow elementor-invisible elementor-widget elementor-widget-heading\" data-id=\"4824f80f\" data-element_type=\"widget\" data-settings=\"{&quot;_animation&quot;:&quot;fadeInLeft&quot;}\" data-widget_type=\"heading.default\">\n\t\t\t\t<div class=\"elementor-widget-container\">\n\t\t\t<h2 class=\"elementor-heading-title elementor-size-default\">EVENTS<\/h2>\t\t<\/div>\n\t\t\t\t<\/div>\n\t\t\t\t<div class=\"elementor-element elementor-element-36f6a99b animated-slow elementor-widget-divider--view-line elementor-invisible elementor-widget elementor-widget-divider\" data-id=\"36f6a99b\" data-element_type=\"widget\" data-settings=\"{&quot;_animation&quot;:&quot;fadeIn&quot;}\" data-widget_type=\"divider.default\">\n\t\t\t\t<div class=\"elementor-widget-container\">\n\t\t\t\t\t<div class=\"elementor-divider\">\n\t\t\t<span class=\"elementor-divider-separator\">\n\t\t\t\t\t\t<\/span>\n\t\t<\/div>\n\t\t\t\t<\/div>\n\t\t\t\t<\/div>\n\t\t\t\t\t<\/div>\n\t\t<\/div>\n\t\t\t\t\t<\/div>\n\t\t<\/section>\n\t\t\t\t<section class=\"elementor-section elementor-top-section elementor-element elementor-element-9810a24 elementor-section-height-min-height elementor-section-boxed elementor-section-height-default elementor-section-items-middle\" data-id=\"9810a24\" data-element_type=\"section\" data-settings=\"{&quot;background_background&quot;:&quot;classic&quot;}\">\n\t\t\t\t\t\t\t<div class=\"elementor-background-overlay\"><\/div>\n\t\t\t\t\t\t\t<div class=\"elementor-container elementor-column-gap-default\">\n\t\t\t\t\t<div class=\"elementor-column elementor-col-100 elementor-top-column elementor-element elementor-element-27f0504\" data-id=\"27f0504\" data-element_type=\"column\">\n\t\t\t<div class=\"elementor-widget-wrap\">\n\t\t\t\t\t\t\t<\/div>\n\t\t<\/div>\n\t\t\t\t\t<\/div>\n\t\t<\/section>\n\t\t\t\t<section class=\"elementor-section elementor-top-section elementor-element elementor-element-3e573c0c elementor-section-height-min-height elementor-section-items-stretch elementor-section-content-middle elementor-reverse-mobile elementor-reverse-tablet elementor-section-boxed elementor-section-height-default\" data-id=\"3e573c0c\" data-element_type=\"section\">\n\t\t\t\t\t\t<div class=\"elementor-container elementor-column-gap-no\">\n\t\t\t\t\t<div class=\"elementor-column elementor-col-50 elementor-top-column elementor-element elementor-element-78ef2e1c\" data-id=\"78ef2e1c\" data-element_type=\"column\">\n\t\t\t<div class=\"elementor-widget-wrap elementor-element-populated\">\n\t\t\t\t\t\t<section class=\"elementor-section elementor-inner-section elementor-element elementor-element-15bbac2b elementor-section-boxed elementor-section-height-default elementor-section-height-default\" data-id=\"15bbac2b\" data-element_type=\"section\">\n\t\t\t\t\t\t<div class=\"elementor-container elementor-column-gap-default\">\n\t\t\t\t\t<div class=\"elementor-column elementor-col-50 elementor-inner-column elementor-element elementor-element-26999140\" data-id=\"26999140\" data-element_type=\"column\">\n\t\t\t<div class=\"elementor-widget-wrap\">\n\t\t\t\t\t\t\t<\/div>\n\t\t<\/div>\n\t\t\t\t<div class=\"elementor-column elementor-col-50 elementor-inner-column elementor-element elementor-element-796f3c18\" data-id=\"796f3c18\" data-element_type=\"column\">\n\t\t\t<div class=\"elementor-widget-wrap elementor-element-populated\">\n\t\t\t\t\t\t<div class=\"elementor-element elementor-element-4bac8f0d elementor-widget elementor-widget-heading\" data-id=\"4bac8f0d\" data-element_type=\"widget\" data-widget_type=\"heading.default\">\n\t\t\t\t<div class=\"elementor-widget-container\">\n\t\t\t<h2 class=\"elementor-heading-title elementor-size-default\">Ny\u00edlt napok 2023<\/h2>\t\t<\/div>\n\t\t\t\t<\/div>\n\t\t\t\t\t<\/div>\n\t\t<\/div>\n\t\t\t\t\t<\/div>\n\t\t<\/section>\n\t\t\t\t<section class=\"elementor-section elementor-inner-section elementor-element elementor-element-2e27774f elementor-section-boxed elementor-section-height-default elementor-section-height-default\" data-id=\"2e27774f\" data-element_type=\"section\">\n\t\t\t\t\t\t<div class=\"elementor-container elementor-column-gap-default\">\n\t\t\t\t\t<div class=\"elementor-column elementor-col-50 elementor-inner-column elementor-element elementor-element-2c81fd93\" data-id=\"2c81fd93\" data-element_type=\"column\">\n\t\t\t<div class=\"elementor-widget-wrap\">\n\t\t\t\t\t\t\t<\/div>\n\t\t<\/div>\n\t\t\t\t<div class=\"elementor-column elementor-col-50 elementor-inner-column elementor-element elementor-element-322344c4\" data-id=\"322344c4\" data-element_type=\"column\">\n\t\t\t<div class=\"elementor-widget-wrap\">\n\t\t\t\t\t\t\t<\/div>\n\t\t<\/div>\n\t\t\t\t\t<\/div>\n\t\t<\/section>\n\t\t\t\t\t<\/div>\n\t\t<\/div>\n\t\t\t\t<div class=\"elementor-column elementor-col-50 elementor-top-column elementor-element elementor-element-e6a5d4c\" data-id=\"e6a5d4c\" data-element_type=\"column\">\n\t\t\t<div class=\"elementor-widget-wrap elementor-element-populated\">\n\t\t\t\t\t\t<div class=\"elementor-element elementor-element-b7107be elementor-widget elementor-widget-image\" data-id=\"b7107be\" data-element_type=\"widget\" data-widget_type=\"image.default\">\n\t\t\t\t<div class=\"elementor-widget-container\">\n\t\t\t\t\t\t\t\t\t\t\t\t\t\t<a href=\"https:\/\/nyiradracingteszt.hu\/wp-content\/uploads\/2023\/03\/nyiltnapok-23.png\" data-elementor-open-lightbox=\"yes\" data-elementor-lightbox-title=\"nyiltnapok 23\" data-e-action-hash=\"#elementor-action%3Aaction%3Dlightbox%26settings%3DeyJpZCI6MjI4NywidXJsIjoiaHR0cHM6XC9cL255aXJhZHJhY2luZ3Rlc3p0Lmh1XC93cC1jb250ZW50XC91cGxvYWRzXC8yMDIzXC8wM1wvbnlpbHRuYXBvay0yMy5wbmcifQ%3D%3D\">\n\t\t\t\t\t\t\t<img fetchpriority=\"high\" decoding=\"async\" width=\"724\" height=\"1024\" src=\"https:\/\/nyiradracingteszt.hu\/wp-content\/uploads\/2023\/03\/nyiltnapok-23-724x1024.png\" class=\"attachment-large size-large wp-image-2287\" alt=\"\" srcset=\"https:\/\/nyiradracingteszt.hu\/wp-content\/uploads\/2023\/03\/nyiltnapok-23-724x1024.png 724w, https:\/\/nyiradracingteszt.hu\/wp-content\/uploads\/2023\/03\/nyiltnapok-23-212x300.png 212w, https:\/\/nyiradracingteszt.hu\/wp-content\/uploads\/2023\/03\/nyiltnapok-23-768x1086.png 768w, https:\/\/nyiradracingteszt.hu\/wp-content\/uploads\/2023\/03\/nyiltnapok-23-1086x1536.png 1086w, https:\/\/nyiradracingteszt.hu\/wp-content\/uploads\/2023\/03\/nyiltnapok-23-1448x2048.png 1448w, https:\/\/nyiradracingteszt.hu\/wp-content\/uploads\/2023\/03\/nyiltnapok-23-8x12.png 8w\" sizes=\"(max-width: 724px) 100vw, 724px\" \/>\t\t\t\t\t\t\t\t<\/a>\n\t\t\t\t\t\t\t\t\t\t\t\t\t<\/div>\n\t\t\t\t<\/div>\n\t\t\t\t\t<\/div>\n\t\t<\/div>\n\t\t\t\t\t<\/div>\n\t\t<\/section>\n\t\t\t\t<section class=\"elementor-section elementor-top-section elementor-element elementor-element-e951efe elementor-section-height-min-height elementor-section-items-stretch elementor-section-content-middle elementor-reverse-mobile elementor-reverse-tablet elementor-section-boxed elementor-section-height-default\" data-id=\"e951efe\" data-element_type=\"section\">\n\t\t\t\t\t\t<div class=\"elementor-container elementor-column-gap-no\">\n\t\t\t\t\t<div class=\"elementor-column elementor-col-50 elementor-top-column elementor-element elementor-element-f2efca9\" data-id=\"f2efca9\" data-element_type=\"column\">\n\t\t\t<div class=\"elementor-widget-wrap elementor-element-populated\">\n\t\t\t\t\t\t<div class=\"elementor-element elementor-element-d041f93 elementor-widget elementor-widget-image\" data-id=\"d041f93\" data-element_type=\"widget\" data-widget_type=\"image.default\">\n\t\t\t\t<div class=\"elementor-widget-container\">\n\t\t\t\t\t\t\t\t\t\t\t\t\t\t<a href=\"https:\/\/nyiradracingteszt.hu\/wp-content\/uploads\/2023\/02\/esemenynaptar-web-1.png\" data-elementor-open-lightbox=\"yes\" data-elementor-lightbox-title=\"esemenynaptar-web\" data-e-action-hash=\"#elementor-action%3Aaction%3Dlightbox%26settings%3DeyJpZCI6MjE0MiwidXJsIjoiaHR0cHM6XC9cL255aXJhZHJhY2luZ3Rlc3p0Lmh1XC93cC1jb250ZW50XC91cGxvYWRzXC8yMDIzXC8wMlwvZXNlbWVueW5hcHRhci13ZWItMS5wbmcifQ%3D%3D\">\n\t\t\t\t\t\t\t<img decoding=\"async\" width=\"724\" height=\"1024\" src=\"https:\/\/nyiradracingteszt.hu\/wp-content\/uploads\/2023\/02\/esemenynaptar-web-1-724x1024.png\" class=\"attachment-large size-large wp-image-2142\" alt=\"\" srcset=\"https:\/\/nyiradracingteszt.hu\/wp-content\/uploads\/2023\/02\/esemenynaptar-web-1-724x1024.png 724w, https:\/\/nyiradracingteszt.hu\/wp-content\/uploads\/2023\/02\/esemenynaptar-web-1-212x300.png 212w, https:\/\/nyiradracingteszt.hu\/wp-content\/uploads\/2023\/02\/esemenynaptar-web-1-8x12.png 8w, https:\/\/nyiradracingteszt.hu\/wp-content\/uploads\/2023\/02\/esemenynaptar-web-1.png 744w\" sizes=\"(max-width: 724px) 100vw, 724px\" \/>\t\t\t\t\t\t\t\t<\/a>\n\t\t\t\t\t\t\t\t\t\t\t\t\t<\/div>\n\t\t\t\t<\/div>\n\t\t\t\t\t<\/div>\n\t\t<\/div>\n\t\t\t\t<div class=\"elementor-column elementor-col-50 elementor-top-column elementor-element elementor-element-4c5d7c4\" data-id=\"4c5d7c4\" data-element_type=\"column\">\n\t\t\t<div class=\"elementor-widget-wrap elementor-element-populated\">\n\t\t\t\t\t\t<section class=\"elementor-section elementor-inner-section elementor-element elementor-element-db9436a elementor-section-boxed elementor-section-height-default elementor-section-height-default\" data-id=\"db9436a\" data-element_type=\"section\">\n\t\t\t\t\t\t<div class=\"elementor-container elementor-column-gap-default\">\n\t\t\t\t\t<div class=\"elementor-column elementor-col-50 elementor-inner-column elementor-element elementor-element-6d0bd90\" data-id=\"6d0bd90\" data-element_type=\"column\">\n\t\t\t<div class=\"elementor-widget-wrap\">\n\t\t\t\t\t\t\t<\/div>\n\t\t<\/div>\n\t\t\t\t<div class=\"elementor-column elementor-col-50 elementor-inner-column elementor-element elementor-element-1916d3e\" data-id=\"1916d3e\" data-element_type=\"column\">\n\t\t\t<div class=\"elementor-widget-wrap elementor-element-populated\">\n\t\t\t\t\t\t<div class=\"elementor-element elementor-element-279addb elementor-widget elementor-widget-heading\" data-id=\"279addb\" data-element_type=\"widget\" data-widget_type=\"heading.default\">\n\t\t\t\t<div class=\"elementor-widget-container\">\n\t\t\t<h2 class=\"elementor-heading-title elementor-size-default\">Versenynapt\u00e1r 2023<\/h2>\t\t<\/div>\n\t\t\t\t<\/div>\n\t\t\t\t\t<\/div>\n\t\t<\/div>\n\t\t\t\t\t<\/div>\n\t\t<\/section>\n\t\t\t\t<section class=\"elementor-section elementor-inner-section elementor-element elementor-element-e63a141 elementor-section-boxed elementor-section-height-default elementor-section-height-default\" data-id=\"e63a141\" data-element_type=\"section\">\n\t\t\t\t\t\t<div class=\"elementor-container elementor-column-gap-default\">\n\t\t\t\t\t<div class=\"elementor-column elementor-col-50 elementor-inner-column elementor-element elementor-element-fc51bf9\" data-id=\"fc51bf9\" data-element_type=\"column\">\n\t\t\t<div class=\"elementor-widget-wrap\">\n\t\t\t\t\t\t\t<\/div>\n\t\t<\/div>\n\t\t\t\t<div class=\"elementor-column elementor-col-50 elementor-inner-column elementor-element elementor-element-1a43e3c\" data-id=\"1a43e3c\" data-element_type=\"column\">\n\t\t\t<div class=\"elementor-widget-wrap\">\n\t\t\t\t\t\t\t<\/div>\n\t\t<\/div>\n\t\t\t\t\t<\/div>\n\t\t<\/section>\n\t\t\t\t\t<\/div>\n\t\t<\/div>\n\t\t\t\t\t<\/div>\n\t\t<\/section>\n\t\t\t\t<section class=\"elementor-section elementor-top-section elementor-element elementor-element-8adc425 elementor-section-height-min-height elementor-section-items-stretch elementor-section-content-middle elementor-reverse-mobile elementor-reverse-tablet elementor-section-boxed elementor-section-height-default\" data-id=\"8adc425\" data-element_type=\"section\">\n\t\t\t\t\t\t<div class=\"elementor-container elementor-column-gap-no\">\n\t\t\t\t\t<div class=\"elementor-column elementor-col-50 elementor-top-column elementor-element elementor-element-458189c\" data-id=\"458189c\" data-element_type=\"column\">\n\t\t\t<div class=\"elementor-widget-wrap elementor-element-populated\">\n\t\t\t\t\t\t<section class=\"elementor-section elementor-inner-section elementor-element elementor-element-5da6f55 elementor-section-boxed elementor-section-height-default elementor-section-height-default\" data-id=\"5da6f55\" data-element_type=\"section\">\n\t\t\t\t\t\t<div class=\"elementor-container elementor-column-gap-default\">\n\t\t\t\t\t<div class=\"elementor-column elementor-col-50 elementor-inner-column elementor-element elementor-element-ed2c0dc\" data-id=\"ed2c0dc\" data-element_type=\"column\">\n\t\t\t<div class=\"elementor-widget-wrap\">\n\t\t\t\t\t\t\t<\/div>\n\t\t<\/div>\n\t\t\t\t<div class=\"elementor-column elementor-col-50 elementor-inner-column elementor-element elementor-element-a8e8e89\" data-id=\"a8e8e89\" data-element_type=\"column\">\n\t\t\t<div class=\"elementor-widget-wrap elementor-element-populated\">\n\t\t\t\t\t\t<div class=\"elementor-element elementor-element-12f5de8 elementor-widget elementor-widget-heading\" data-id=\"12f5de8\" data-element_type=\"widget\" data-widget_type=\"heading.default\">\n\t\t\t\t<div class=\"elementor-widget-container\">\n\t\t\t<h2 class=\"elementor-heading-title elementor-size-default\">Rallycross Eur\u00f3pa-bajnoks\u00e1g 2023<\/h2>\t\t<\/div>\n\t\t\t\t<\/div>\n\t\t\t\t\t<\/div>\n\t\t<\/div>\n\t\t\t\t\t<\/div>\n\t\t<\/section>\n\t\t\t\t<section class=\"elementor-section elementor-inner-section elementor-element elementor-element-aefe2a7 elementor-section-boxed elementor-section-height-default elementor-section-height-default\" data-id=\"aefe2a7\" data-element_type=\"section\">\n\t\t\t\t\t\t<div class=\"elementor-container elementor-column-gap-default\">\n\t\t\t\t\t<div class=\"elementor-column elementor-col-50 elementor-inner-column elementor-element elementor-element-008321d\" data-id=\"008321d\" data-element_type=\"column\">\n\t\t\t<div class=\"elementor-widget-wrap\">\n\t\t\t\t\t\t\t<\/div>\n\t\t<\/div>\n\t\t\t\t<div class=\"elementor-column elementor-col-50 elementor-inner-column elementor-element elementor-element-09bdd20\" data-id=\"09bdd20\" data-element_type=\"column\">\n\t\t\t<div class=\"elementor-widget-wrap elementor-element-populated\">\n\t\t\t\t\t\t<div class=\"elementor-element elementor-element-dcbe66c elementor-widget elementor-widget-text-editor\" data-id=\"dcbe66c\" data-element_type=\"widget\" data-widget_type=\"text-editor.default\">\n\t\t\t\t<div class=\"elementor-widget-container\">\n\t\t\t\t\t\t\t<p>2023. \u00e1prilis 29-30-\u00e9n ism\u00e9t a Nyir\u00e1d Racing Centerben tal\u00e1lkozhatunk az Euro RX1 \u00e9s az Euro RX3 pil\u00f3t\u00e1ival \u00e9s versenyaut\u00f3ival!<\/p>\t\t\t\t\t\t<\/div>\n\t\t\t\t<\/div>\n\t\t\t\t\t<\/div>\n\t\t<\/div>\n\t\t\t\t\t<\/div>\n\t\t<\/section>\n\t\t\t\t\t<\/div>\n\t\t<\/div>\n\t\t\t\t<div class=\"elementor-column elementor-col-50 elementor-top-column elementor-element elementor-element-f7e89b5\" data-id=\"f7e89b5\" data-element_type=\"column\">\n\t\t\t<div class=\"elementor-widget-wrap elementor-element-populated\">\n\t\t\t\t\t\t<div class=\"elementor-element elementor-element-6ce4872 elementor-widget elementor-widget-image\" data-id=\"6ce4872\" data-element_type=\"widget\" data-widget_type=\"image.default\">\n\t\t\t\t<div class=\"elementor-widget-container\">\n\t\t\t\t\t\t\t\t\t\t\t\t\t\t<a href=\"https:\/\/nyiradracingteszt.hu\/wp-content\/uploads\/2023\/03\/332263004_1323218924922092_8514312133355967365_n.jpg\" data-elementor-open-lightbox=\"yes\" data-elementor-lightbox-title=\"332263004_1323218924922092_8514312133355967365_n\" data-e-action-hash=\"#elementor-action%3Aaction%3Dlightbox%26settings%3DeyJpZCI6MjIzMiwidXJsIjoiaHR0cHM6XC9cL255aXJhZHJhY2luZ3Rlc3p0Lmh1XC93cC1jb250ZW50XC91cGxvYWRzXC8yMDIzXC8wM1wvMzMyMjYzMDA0XzEzMjMyMTg5MjQ5MjIwOTJfODUxNDMxMjEzMzM1NTk2NzM2NV9uLmpwZyJ9\">\n\t\t\t\t\t\t\t<img decoding=\"async\" width=\"800\" height=\"450\" src=\"https:\/\/nyiradracingteszt.hu\/wp-content\/uploads\/2023\/03\/332263004_1323218924922092_8514312133355967365_n-1024x576.jpg\" class=\"attachment-large size-large wp-image-2232\" alt=\"\" srcset=\"https:\/\/nyiradracingteszt.hu\/wp-content\/uploads\/2023\/03\/332263004_1323218924922092_8514312133355967365_n-1024x576.jpg 1024w, https:\/\/nyiradracingteszt.hu\/wp-content\/uploads\/2023\/03\/332263004_1323218924922092_8514312133355967365_n-300x169.jpg 300w, https:\/\/nyiradracingteszt.hu\/wp-content\/uploads\/2023\/03\/332263004_1323218924922092_8514312133355967365_n-768x432.jpg 768w, https:\/\/nyiradracingteszt.hu\/wp-content\/uploads\/2023\/03\/332263004_1323218924922092_8514312133355967365_n-1536x864.jpg 1536w, https:\/\/nyiradracingteszt.hu\/wp-content\/uploads\/2023\/03\/332263004_1323218924922092_8514312133355967365_n-18x10.jpg 18w, https:\/\/nyiradracingteszt.hu\/wp-content\/uploads\/2023\/03\/332263004_1323218924922092_8514312133355967365_n.jpg 1920w\" sizes=\"(max-width: 800px) 100vw, 800px\" \/>\t\t\t\t\t\t\t\t<\/a>\n\t\t\t\t\t\t\t\t\t\t\t\t\t<\/div>\n\t\t\t\t<\/div>\n\t\t\t\t\t<\/div>\n\t\t<\/div>\n\t\t\t\t\t<\/div>\n\t\t<\/section>\n\t\t\t\t<section class=\"elementor-section elementor-top-section elementor-element elementor-element-2970082 elementor-section-height-min-height elementor-section-items-stretch elementor-section-content-middle elementor-reverse-mobile elementor-reverse-tablet elementor-section-boxed elementor-section-height-default\" data-id=\"2970082\" data-element_type=\"section\">\n\t\t\t\t\t\t<div class=\"elementor-container elementor-column-gap-no\">\n\t\t\t\t\t<div class=\"elementor-column elementor-col-50 elementor-top-column elementor-element elementor-element-ed88498\" data-id=\"ed88498\" data-element_type=\"column\">\n\t\t\t<div class=\"elementor-widget-wrap elementor-element-populated\">\n\t\t\t\t\t\t<div class=\"elementor-element elementor-element-852191f elementor-widget elementor-widget-image\" data-id=\"852191f\" data-element_type=\"widget\" data-widget_type=\"image.default\">\n\t\t\t\t<div class=\"elementor-widget-container\">\n\t\t\t\t\t\t\t\t\t\t\t\t\t\t<a href=\"https:\/\/nyiradracingteszt.hu\/wp-content\/uploads\/2023\/02\/tesztnap-2.0.png\" data-elementor-open-lightbox=\"yes\" data-elementor-lightbox-title=\"tesztnap 2.0\" data-e-action-hash=\"#elementor-action%3Aaction%3Dlightbox%26settings%3DeyJpZCI6MjE4NSwidXJsIjoiaHR0cHM6XC9cL255aXJhZHJhY2luZ3Rlc3p0Lmh1XC93cC1jb250ZW50XC91cGxvYWRzXC8yMDIzXC8wMlwvdGVzenRuYXAtMi4wLnBuZyJ9\">\n\t\t\t\t\t\t\t<img loading=\"lazy\" decoding=\"async\" width=\"800\" height=\"800\" src=\"https:\/\/nyiradracingteszt.hu\/wp-content\/uploads\/2023\/02\/tesztnap-2.0-1024x1024.png\" class=\"attachment-large size-large wp-image-2185\" alt=\"\" srcset=\"https:\/\/nyiradracingteszt.hu\/wp-content\/uploads\/2023\/02\/tesztnap-2.0-1024x1024.png 1024w, https:\/\/nyiradracingteszt.hu\/wp-content\/uploads\/2023\/02\/tesztnap-2.0-300x300.png 300w, https:\/\/nyiradracingteszt.hu\/wp-content\/uploads\/2023\/02\/tesztnap-2.0-150x150.png 150w, https:\/\/nyiradracingteszt.hu\/wp-content\/uploads\/2023\/02\/tesztnap-2.0-768x768.png 768w, https:\/\/nyiradracingteszt.hu\/wp-content\/uploads\/2023\/02\/tesztnap-2.0-12x12.png 12w, https:\/\/nyiradracingteszt.hu\/wp-content\/uploads\/2023\/02\/tesztnap-2.0.png 1080w\" sizes=\"(max-width: 800px) 100vw, 800px\" \/>\t\t\t\t\t\t\t\t<\/a>\n\t\t\t\t\t\t\t\t\t\t\t\t\t<\/div>\n\t\t\t\t<\/div>\n\t\t\t\t\t<\/div>\n\t\t<\/div>\n\t\t\t\t<div class=\"elementor-column elementor-col-50 elementor-top-column elementor-element elementor-element-c04dab6\" data-id=\"c04dab6\" data-element_type=\"column\">\n\t\t\t<div class=\"elementor-widget-wrap elementor-element-populated\">\n\t\t\t\t\t\t<section class=\"elementor-section elementor-inner-section elementor-element elementor-element-1ccdc5b elementor-section-boxed elementor-section-height-default elementor-section-height-default\" data-id=\"1ccdc5b\" data-element_type=\"section\">\n\t\t\t\t\t\t<div class=\"elementor-container elementor-column-gap-default\">\n\t\t\t\t\t<div class=\"elementor-column elementor-col-50 elementor-inner-column elementor-element elementor-element-42ccd1e\" data-id=\"42ccd1e\" data-element_type=\"column\">\n\t\t\t<div class=\"elementor-widget-wrap elementor-element-populated\">\n\t\t\t\t\t\t<div class=\"elementor-element elementor-element-23e5027 elementor-widget elementor-widget-heading\" data-id=\"23e5027\" data-element_type=\"widget\" data-widget_type=\"heading.default\">\n\t\t\t\t<div class=\"elementor-widget-container\">\n\t\t\t<h2 class=\"elementor-heading-title elementor-size-default\">M\u00c1RC 25.<\/h2>\t\t<\/div>\n\t\t\t\t<\/div>\n\t\t\t\t\t<\/div>\n\t\t<\/div>\n\t\t\t\t<div class=\"elementor-column elementor-col-50 elementor-inner-column elementor-element elementor-element-f42e413\" data-id=\"f42e413\" data-element_type=\"column\">\n\t\t\t<div class=\"elementor-widget-wrap elementor-element-populated\">\n\t\t\t\t\t\t<div class=\"elementor-element elementor-element-a753a56 elementor-widget elementor-widget-heading\" data-id=\"a753a56\" data-element_type=\"widget\" data-widget_type=\"heading.default\">\n\t\t\t\t<div class=\"elementor-widget-container\">\n\t\t\t<h2 class=\"elementor-heading-title elementor-size-default\">Tesztnap 2023<\/h2>\t\t<\/div>\n\t\t\t\t<\/div>\n\t\t\t\t\t<\/div>\n\t\t<\/div>\n\t\t\t\t\t<\/div>\n\t\t<\/section>\n\t\t\t\t<section class=\"elementor-section elementor-inner-section elementor-element elementor-element-0da4ddc elementor-section-boxed elementor-section-height-default elementor-section-height-default\" data-id=\"0da4ddc\" data-element_type=\"section\">\n\t\t\t\t\t\t<div class=\"elementor-container elementor-column-gap-default\">\n\t\t\t\t\t<div class=\"elementor-column elementor-col-50 elementor-inner-column elementor-element elementor-element-ba24ebe\" data-id=\"ba24ebe\" data-element_type=\"column\">\n\t\t\t<div class=\"elementor-widget-wrap\">\n\t\t\t\t\t\t\t<\/div>\n\t\t<\/div>\n\t\t\t\t<div class=\"elementor-column elementor-col-50 elementor-inner-column elementor-element elementor-element-9792be0\" data-id=\"9792be0\" data-element_type=\"column\">\n\t\t\t<div class=\"elementor-widget-wrap elementor-element-populated\">\n\t\t\t\t\t\t<div class=\"elementor-element elementor-element-0d8982d elementor-widget elementor-widget-text-editor\" data-id=\"0d8982d\" data-element_type=\"widget\" data-widget_type=\"text-editor.default\">\n\t\t\t\t<div class=\"elementor-widget-container\">\n\t\t\t\t\t\t\t<p>TESZTNAP 2023 M\u00c1RCIUS 25. A NYIR\u00c1D RACING CENTERBEN. G\u00c9PK\u00d6NYVEZ\u00c9SI LEHET\u0150S\u00c9GGEL!<\/p>\t\t\t\t\t\t<\/div>\n\t\t\t\t<\/div>\n\t\t\t\t\t<\/div>\n\t\t<\/div>\n\t\t\t\t\t<\/div>\n\t\t<\/section>\n\t\t\t\t\t<\/div>\n\t\t<\/div>\n\t\t\t\t\t<\/div>\n\t\t<\/section>\n\t\t\t\t<\/div>","protected":false},"excerpt":{"rendered":"<p>ESEM\u00c9NYEK Ny\u00edlt napok 2023 Versenynapt\u00e1r 2023 Rallycross Eur\u00f3pa-bajnoks\u00e1g 2023 2023. \u00e1prilis 29-30-\u00e9n ism\u00e9t a Nyir\u00e1d Racing Centerben tal\u00e1lkozhatunk az Euro RX1 \u00e9s az Euro RX3 pil\u00f3t\u00e1ival \u00e9s versenyaut\u00f3ival! M\u00c1RC 25. [&hellip;]<\/p>","protected":false},"author":1,"featured_media":0,"parent":0,"menu_order":0,"comment_status":"closed","ping_status":"closed","template":"","meta":{"om_disable_all_campaigns":false,"_monsterinsights_skip_tracking":false,"_monsterinsights_sitenote_active":false,"_monsterinsights_sitenote_note":"","_monsterinsights_sitenote_category":0,"_EventAllDay":false,"_EventTimezone":"","_EventStartDate":"","_EventEndDate":"","_EventStartDateUTC":"","_EventEndDateUTC":"","_EventShowMap":false,"_EventShowMapLink":false,"_EventURL":"","_EventCost":"","_EventCostDescription":"","_EventCurrencySymbol":"","_EventCurrencyCode":"","_EventCurrencyPosition":"","_EventDateTimeSeparator":"","_EventTimeRangeSeparator":"","_EventOrganizerID":[],"_EventVenueID":[],"_OrganizerEmail":"","_OrganizerPhone":"","_OrganizerWebsite":"","_VenueAddress":"","_VenueCity":"","_VenueCountry":"","_VenueProvince":"","_VenueState":"","_VenueZip":"","_VenuePhone":"","_VenueURL":"","_VenueStateProvince":"","_VenueLat":"","_VenueLng":"","_VenueShowMap":false,"_VenueShowMapLink":false,"footnotes":""},"class_list":["post-12","page","type-page","status-publish","hentry"],"aioseo_notices":[],"_links":{"self":[{"href":"https:\/\/nyiradracingteszt.hu\/en\/wp-json\/wp\/v2\/pages\/12","targetHints":{"allow":["GET"]}}],"collection":[{"href":"https:\/\/nyiradracingteszt.hu\/en\/wp-json\/wp\/v2\/pages"}],"about":[{"href":"https:\/\/nyiradracingteszt.hu\/en\/wp-json\/wp\/v2\/types\/page"}],"author":[{"embeddable":true,"href":"https:\/\/nyiradracingteszt.hu\/en\/wp-json\/wp\/v2\/users\/1"}],"replies":[{"embeddable":true,"href":"https:\/\/nyiradracingteszt.hu\/en\/wp-json\/wp\/v2\/comments?post=12"}],"version-history":[{"count":359,"href":"https:\/\/nyiradracingteszt.hu\/en\/wp-json\/wp\/v2\/pages\/12\/revisions"}],"predecessor-version":[{"id":2915,"href":"https:\/\/nyiradracingteszt.hu\/en\/wp-json\/wp\/v2\/pages\/12\/revisions\/2915"}],"wp:attachment":[{"href":"https:\/\/nyiradracingteszt.hu\/en\/wp-json\/wp\/v2\/media?parent=12"}],"curies":[{"name":"wp","href":"https:\/\/api.w.org\/{rel}","templated":true}]}}